{"id":7297,"date":"2023-12-05T07:11:33","date_gmt":"2023-12-05T06:11:33","guid":{"rendered":"https:\/\/myobservatoire.com\/lelab\/?page_id=7297"},"modified":"2023-12-05T07:11:34","modified_gmt":"2023-12-05T06:11:34","slug":"mentions-legales-cgu","status":"publish","type":"page","link":"https:\/\/myobservatoire.com\/lelab\/mentions-legales-cgu\/","title":{"rendered":"Mentions l\u00e9gales &#038; CGU"},"content":{"rendered":"\n<h3 class=\"wp-block-heading\">Pr\u00e9ambule<\/h3>\n\n\n\n<p>Les pr\u00e9sentes Conditions G\u00e9n\u00e9rales d&rsquo;Utilisation d\u00e9terminent les r\u00e8gles d&rsquo;acc\u00e8s au pr\u00e9sent site et ses conditions d&rsquo;utilisation que tout utilisateur reconna\u00eet accepter, sans r\u00e9serve, du seul fait de sa connexion au site.<\/p>\n\n\n\n<h2 class=\"wp-block-heading\">\u00c9diteur<\/h2>\n\n\n\n<p>FC Communications (ci-apr\u00e8s la \u00ab\u00a0Soci\u00e9t\u00e9\u00a0\u00bb), SARL au capital de 3000\u20ac, dont le si\u00e8ge social est situ\u00e9 239, avenue du 8 mai 1945, 13240 SEPTEMES LES VALLONS. SIRET : 812 143 543 00013<\/p>\n\n\n\n<p>Responsable de publication :<br>Franck CONFINO<br>franck.confino [at] gmail.com<br>Tel : 04 13 59 06 48<\/p>\n\n\n\n<h2 class=\"wp-block-heading\">H\u00e9bergeur<\/h2>\n\n\n\n<p>H\u00e9bergeur : OVH, SAS, soci\u00e9t\u00e9 de droit fran\u00e7ais, \u00e9lisant domicile 2 rue Kellermann 59100 ROUBAIX, inscrite au RCS de Roubaix au num\u00e9ro B424 761 419, repr\u00e9sent\u00e9e par M. KLABA<\/p>\n\n\n\n<h2 class=\"wp-block-heading\">Contenu du site<\/h2>\n\n\n\n<p>Les informations communiqu\u00e9es sur ce site sont pr\u00e9sent\u00e9es \u00e0 titre indicatif et g\u00e9n\u00e9ral. Elles ne pr\u00e9tendent aucunement \u00e0 l&rsquo;exhaustivit\u00e9.<\/p>\n\n\n\n<p>Malgr\u00e9 tous les soins et la rigueur apport\u00e9s \u00e0 la r\u00e9alisation du site et \u00e0 son actualisation r\u00e9guli\u00e8re, des erreurs peuvent s&rsquo;\u00eatre gliss\u00e9es dans les informations pr\u00e9sent\u00e9es. Les utilisateurs du site proc\u00e9deront donc \u00e0 toutes v\u00e9rifications utiles et sont seuls responsables de l&rsquo;utilisation qu&rsquo;ils font des informations accessibles.<\/p>\n\n\n\n<h2 class=\"wp-block-heading\">Protection des donn\u00e9es personnelles<\/h2>\n\n\n\n<p>Les donn\u00e9es \u00e0 caract\u00e8re personnel recueillies dans le cadre du pr\u00e9sent site sont destin\u00e9es \u00e0 la soci\u00e9t\u00e9 organisatrice qui, \u00e0 d\u00e9faut d&rsquo;opposition de la part de l\u2019utilisateur, est autoris\u00e9e \u00e0 :<\/p>\n\n\n\n<ul class=\"wp-block-list\">\n<li>les conserver en m\u00e9moire informatique,<\/li>\n\n\n\n<li>les utiliser \u00e0 des fins statistiques et d&rsquo;information sur les \u00e9v\u00e9nements organis\u00e9s par elle<br>ainsi qu&rsquo;\u00e0 les communiquer, aux m\u00eames fins, \u00e0 l&rsquo;Observatoire de la #Compublique num\u00e9rique.<\/li>\n<\/ul>\n\n\n\n<p>Conform\u00e9ment \u00e0 l\u2019article 34 de la loi dite \u00ab Informatique et Libert\u00e9s \u00bb du 6 janvier 1978, modifi\u00e9e aux termes de la Loi du 6 Ao\u00fbt 2004, l\u2019utilisateur dispose d\u2019un droit d\u2019acc\u00e8s, de modification, de rectification et de suppression de toute donn\u00e9e personnelle le concernant.<\/p>\n\n\n\n<p>L\u2019exercice de ces droits peut s\u2019effectuer \u00e0 tout moment, par voie \u00e9lectronique ou postale, aupr\u00e8s de la Soci\u00e9t\u00e9 \u00e0 l\u2019adresse suivante :<\/p>\n\n\n\n<p>FC Communications &#8211; Le Lab &#8211; 239, avenue du 8 mai 1945, 13240 SEPTEMES LES VALLONS<\/p>\n\n\n\n<p>ou contact [at] lelab2024.fr<\/p>\n\n\n\n<h2 class=\"wp-block-heading\">Propri\u00e9t\u00e9 intellectuelle<\/h2>\n\n\n\n<p>A l\u2019exception de ce qui rel\u00e8ve du domaine public, tous les \u00e9l\u00e9ments (informations, donn\u00e9es, marques, logos, \u2026) pr\u00e9sents sur le Site sont la propri\u00e9t\u00e9 exclusive ou conc\u00e9d\u00e9e de FC Communications et sont prot\u00e9g\u00e9s par le droit d&rsquo;auteur, le droit des marques et plus g\u00e9n\u00e9ralement par les dispositions du Code de la Propri\u00e9t\u00e9 Intellectuelle ou par tout droit reconnu par la l\u00e9gislation en vigueur.<\/p>\n\n\n\n<p>Sauf mention contraire et exception faite des reproductions autoris\u00e9es aux termes de l\u2019article L. 122-5 du Code de la Propri\u00e9t\u00e9 Intellectuelle, la copie, la pr\u00e9sentation, le t\u00e9l\u00e9chargement, la diffusion, la modification ou la reproduction totale ou partielle des \u00e9l\u00e9ments composant le Site en vue d&rsquo;une publication ou d&rsquo;une diffusion par quelque moyen ou sous quelque forme que ce soit, est strictement interdite, sauf autorisation \u00e9crite pr\u00e9alable de la Soci\u00e9t\u00e9.<\/p>\n\n\n\n<p>La violation de ces dispositions constituant une contrefa\u00e7on au sens du Code de la Propri\u00e9t\u00e9 Intellectuelle, elle soumet tout contrevenant aux peines p\u00e9nales et civiles pr\u00e9vues par la l\u00e9gislation fran\u00e7aise.<\/p>\n\n\n\n<h2 class=\"wp-block-heading\">Conditions d&rsquo;acc\u00e8s<\/h2>\n\n\n\n<p>Sauf cas de force majeure, \u00e9v\u00e9nement hors de son contr\u00f4le (perturbations ou interruptions des r\u00e9seaux d&rsquo;acc\u00e8s, d\u00e9faillance des \u00e9quipements informatiques ou t\u00e9l\u00e9phoniques de l&rsquo;utilisateur et de mani\u00e8re plus g\u00e9n\u00e9rale, tout \u00e9v\u00e9nement li\u00e9 aux conditions d&rsquo;acc\u00e8s \u00e0 Internet) et sous r\u00e9serve des \u00e9ventuelles pannes et interventions de maintenance n\u00e9cessaires au bon fonctionnement du site, la Soci\u00e9t\u00e9 s&rsquo;engage \u00e0 faire ses meilleurs efforts pour rendre le site accessible en continu.<\/p>\n\n\n\n<h2 class=\"wp-block-heading\">Cookies<\/h2>\n\n\n\n<p>L&rsquo;utilisateur est inform\u00e9 que, lors de ses visites sur le site, un cookie peut s&rsquo;installer automatiquement sur son logiciel de navigation.<\/p>\n\n\n\n<p>Le cookie est un bloc de donn\u00e9es qui ne permet pas d&rsquo;identifier l&rsquo;utilisateur mais sert \u00e0 enregistrer des informations relatives \u00e0 la navigation de celui-ci sur le site.<\/p>\n\n\n\n<h2 class=\"wp-block-heading\">Responsabilit\u00e9<\/h2>\n\n\n\n<p>La Soci\u00e9t\u00e9 ne peut \u00eatre tenue responsable de tout dommage issu d&rsquo;une interruption, d&rsquo;un dysfonctionnement quel qu&rsquo;il soit, d&rsquo;une suspension ou de la cessation du site, et ce pour quelque raison que ce soit ou encore de tout dommage mat\u00e9riel ou immat\u00e9riel qui r\u00e9sulterait d&rsquo;une quelconque fa\u00e7on de la connexion au site. La connexion de l&rsquo;utilisateur au site se fait sous son enti\u00e8re responsabilit\u00e9.<\/p>\n\n\n\n<h2 class=\"wp-block-heading\">R\u00e8gles d&rsquo;usages sur Internet<\/h2>\n\n\n\n<p>L&rsquo;utilisateur est parfaitement inform\u00e9 de l&rsquo;existence de r\u00e8gles et d&rsquo;usages en vigueur sur Internet, connu sous le nom de \u00ab N\u00e9tiquette \u00bb, et des diff\u00e9rents codes de d\u00e9ontologie accessibles sur l&rsquo;Internet et s&rsquo;engage \u00e0 s&rsquo;y conformer.<\/p>\n\n\n\n<p>A cet \u00e9gard, il s&rsquo;engage notamment \u00e0 respecter l&rsquo;int\u00e9grit\u00e9 du site et s&rsquo;interdit d&rsquo;entraver ou forcer le fonctionnement du site, de modifier, d&rsquo;alt\u00e9rer ou de supprimer frauduleusement les contenus accessibles via le site et d&rsquo;introduire frauduleusement des donn\u00e9es sur le site.<\/p>\n\n\n\n<p>L&rsquo;utilisateur d\u00e9clare par ailleurs accepter les caract\u00e9ristiques et les limites d&rsquo;Internet et en particulier savoir :<\/p>\n\n\n\n<ul class=\"wp-block-list\">\n<li>que les donn\u00e9es circulant sur Internet ne sont pas prot\u00e9g\u00e9es notamment contre des d\u00e9tournements \u00e9ventuels,<\/li>\n\n\n\n<li>qu&rsquo;il lui appartient de prendre toutes les mesures appropri\u00e9es de fa\u00e7on \u00e0 prot\u00e9ger ses propres donn\u00e9es et\/ou logiciels contre toute contamination par d&rsquo;\u00e9ventuels virus et contre toute tentative d&rsquo;intrusions dans son syst\u00e8me par des tiers,<\/li>\n\n\n\n<li>qu&rsquo;il lui appartient de prendre toutes mesures pour que sa configuration informatique lui permette la consultation et la r\u00e9ception des services du Site.<\/li>\n<\/ul>\n\n\n\n<h2 class=\"wp-block-heading\">Droit applicable et attribution de juridiction<\/h2>\n\n\n\n<p>Les pr\u00e9sentes Conditions G\u00e9n\u00e9rales d&rsquo;Utilisation sont r\u00e9gies par le droit fran\u00e7ais et l&rsquo;utilisateur, par son acceptation des pr\u00e9sentes, donne irr\u00e9vocablement comp\u00e9tence exclusive aux juridictions fran\u00e7aises. Les Tribunaux du ressort de la Cour d&rsquo;Appel de Marseille seront seuls comp\u00e9tents pour conna\u00eetre de tout litige relatif \u00e0 la validit\u00e9, l&rsquo;interpr\u00e9tation ou l&rsquo;ex\u00e9cution des pr\u00e9sentes Conditions G\u00e9n\u00e9rales d&rsquo;Utilisation, m\u00eame en cas de pluralit\u00e9 de d\u00e9fendeurs ou d&rsquo;appels en garantie.<\/p>\n","protected":false},"excerpt":{"rendered":"<p>Pr\u00e9ambule Les pr\u00e9sentes Conditions G\u00e9n\u00e9rales d&rsquo;Utilisation d\u00e9terminent les r\u00e8gles d&rsquo;acc\u00e8s au pr\u00e9sent site et ses conditions d&rsquo;utilisation que tout utilisateur reconna\u00eet accepter, sans r\u00e9serve, du seul fait de sa connexion &hellip; <a href=\"https:\/\/myobservatoire.com\/lelab\/mentions-legales-cgu\/\" class=\"more-link\">Continue reading <span class=\"screen-reader-text\">Mentions l\u00e9gales &#038; CGU<\/span><\/a><\/p>\n","protected":false},"author":1,"featured_media":0,"parent":0,"menu_order":0,"comment_status":"closed","ping_status":"closed","template":"","meta":{"_price":"","_stock":"","_tribe_ticket_header":"","_tribe_default_ticket_provider":"","_tribe_ticket_capacity":"0","_ticket_start_date":"","_ticket_end_date":"","_tribe_ticket_show_description":"","_tribe_ticket_show_not_going":false,"_tribe_ticket_use_global_stock":"","_tribe_ticket_global_stock_level":"","_global_stock_mode":"","_global_stock_cap":"","_tribe_rsvp_for_event":"","_tribe_ticket_going_count":"","_tribe_ticket_not_going_count":"","_tribe_tickets_list":[],"_tribe_ticket_has_attendee_info_fields":false,"footnotes":""},"class_list":["post-7297","page","type-page","status-publish","hentry"],"ticketed":false,"_links":{"self":[{"href":"https:\/\/myobservatoire.com\/lelab\/wp-json\/wp\/v2\/pages\/7297","targetHints":{"allow":["GET"]}}],"collection":[{"href":"https:\/\/myobservatoire.com\/lelab\/wp-json\/wp\/v2\/pages"}],"about":[{"href":"https:\/\/myobservatoire.com\/lelab\/wp-json\/wp\/v2\/types\/page"}],"author":[{"embeddable":true,"href":"https:\/\/myobservatoire.com\/lelab\/wp-json\/wp\/v2\/users\/1"}],"replies":[{"embeddable":true,"href":"https:\/\/myobservatoire.com\/lelab\/wp-json\/wp\/v2\/comments?post=7297"}],"version-history":[{"count":2,"href":"https:\/\/myobservatoire.com\/lelab\/wp-json\/wp\/v2\/pages\/7297\/revisions"}],"predecessor-version":[{"id":7299,"href":"https:\/\/myobservatoire.com\/lelab\/wp-json\/wp\/v2\/pages\/7297\/revisions\/7299"}],"wp:attachment":[{"href":"https:\/\/myobservatoire.com\/lelab\/wp-json\/wp\/v2\/media?parent=7297"}],"curies":[{"name":"wp","href":"https:\/\/api.w.org\/{rel}","templated":true}]}}